{"id":5608,"date":"2024-05-29T17:42:19","date_gmt":"2024-05-29T15:42:19","guid":{"rendered":"https:\/\/www.casadartistasampieri.it\/casa\/casa-di-pietra\/"},"modified":"2026-04-27T09:27:06","modified_gmt":"2026-04-27T07:27:06","slug":"casa-di-pietra","status":"publish","type":"product","link":"https:\/\/www.casadartistasampieri.it\/fr\/casa\/casa-di-pietra\/","title":{"rendered":"Casa di Pietra"},"content":{"rendered":"<p>CODE CIR: 19088011C241264<br \/>\nCODE CIN: *IT088011C2HSGG7HZU *<\/p>\n<p>Situ\u00e9e \u00e0 quelques m\u00e8tres de la plage de Sampieri, au premier \u00e9tage d&rsquo;une rue tranquille parall\u00e8le au front de mer, la Casa di Pietra offre un s\u00e9jour confortable et panoramique. Accessible par un charmant escalier en pierre, l&rsquo;appartement s&rsquo;ouvre sur une salle de s\u00e9jour lumineuse avec un lit double, une kitchenette compl\u00e8te, une table \u00e0 manger et une t\u00e9l\u00e9vision. Une fen\u00eatre Velux automatis\u00e9e et un ventilateur de plafond apportent une fra\u00eecheur agr\u00e9able. Un climatiseur chaud\/froid r\u00e9gule la temp\u00e9rature interne. La salle de s\u00e9jour m\u00e8ne \u00e0 une jolie petite chambre avec un lit superpos\u00e9, id\u00e9ale pour les enfants. La salle de bains est \u00e9quip\u00e9e d&rsquo;une douche, d&rsquo;un lavabo, d&rsquo;un bidet, de toilettes, d&rsquo;une machine \u00e0 laver et d&rsquo;un s\u00e8che-cheveux. Une petite terrasse \u00e9quip\u00e9e d&rsquo;une table et de chaises pour quatre personnes vous invite \u00e0 vous d\u00e9tendre en plein air et \u00e0 profiter de la vue sur la mer. L&rsquo;appartement est \u00e9quip\u00e9 de linge de maison, de serviettes et d&rsquo;accessoires de plage. Des lits pour enfants, des jeux et des \u00e9quipements sont \u00e9galement disponibles pour rendre le s\u00e9jour des familles encore plus agr\u00e9able. Les \u0153uvres d&rsquo;art et le mobilier cr\u00e9\u00e9s par le propri\u00e9taire conf\u00e8rent \u00e0 la chambre une touche unique et personnelle ;<\/p>\n","protected":false},"excerpt":{"rendered":"<p>CODE CIR: 19088011C241264 CODE CIN: *IT088011C2HSGG7HZU * Situ\u00e9e \u00e0 quelques m\u00e8tres de la plage de Sampieri, au premier \u00e9tage d&rsquo;une rue tranquille parall\u00e8le au front de mer, la Casa di Pietra offre un s\u00e9jour confortable et panoramique. Accessible par un charmant escalier en pierre, l&rsquo;appartement s&rsquo;ouvre sur une salle de s\u00e9jour lumineuse avec un lit [&hellip;]<\/p>\n","protected":false},"featured_media":5928,"comment_status":"open","ping_status":"closed","template":"","meta":{"_acf_changed":false},"product_cat":[59],"product_tag":[],"acf":[],"yoast_head":"<!-- This site is optimized with the Yoast SEO plugin v23.1 - https:\/\/yoast.com\/wordpress\/plugins\/seo\/ -->\n<title>Casa di Pietra - Casa d&#039;Artista<\/title>\n<meta name=\"robots\" content=\"index, follow, max-snippet:-1, max-image-preview:large, max-video-preview:-1\" \/>\n<link rel=\"canonical\" href=\"https:\/\/www.casadartistasampieri.it\/fr\/casa\/casa-di-pietra\/\" \/>\n<meta property=\"og:locale\" content=\"fr_FR\" \/>\n<meta property=\"og:type\" content=\"article\" \/>\n<meta property=\"og:title\" content=\"Casa di Pietra - Casa d&#039;Artista\" \/>\n<meta property=\"og:description\" content=\"CODE CIR: 19088011C241264 CODE CIN: *IT088011C2HSGG7HZU * Situ\u00e9e \u00e0 quelques m\u00e8tres de la plage de Sampieri, au premier \u00e9tage d&rsquo;une rue tranquille parall\u00e8le au front de mer, la Casa di Pietra offre un s\u00e9jour confortable et panoramique. Accessible par un charmant escalier en pierre, l&rsquo;appartement s&rsquo;ouvre sur une salle de s\u00e9jour lumineuse avec un lit [&hellip;]\" \/>\n<meta property=\"og:url\" content=\"https:\/\/www.casadartistasampieri.it\/fr\/casa\/casa-di-pietra\/\" \/>\n<meta property=\"og:site_name\" content=\"Casa d&#039;Artista\" \/>\n<meta property=\"article:publisher\" content=\"https:\/\/www.facebook.com\/casadartistasampieri\" \/>\n<meta property=\"article:modified_time\" content=\"2026-04-27T07:27:06+00:00\" \/>\n<meta property=\"og:image\" content=\"https:\/\/www.casadartistasampieri.it\/wp-content\/uploads\/2024\/05\/letto-casa-pietra-edit.jpg\" \/>\n\t<meta property=\"og:image:width\" content=\"1920\" \/>\n\t<meta property=\"og:image:height\" content=\"1357\" \/>\n\t<meta property=\"og:image:type\" content=\"image\/jpeg\" \/>\n<meta name=\"twitter:card\" content=\"summary_large_image\" \/>\n<meta name=\"twitter:label1\" content=\"Dur\u00e9e de lecture estim\u00e9e\" \/>\n\t<meta name=\"twitter:data1\" content=\"2 minutes\" \/>\n<script type=\"application\/ld+json\" class=\"yoast-schema-graph\">{\"@context\":\"https:\/\/schema.org\",\"@graph\":[{\"@type\":\"WebPage\",\"@id\":\"https:\/\/www.casadartistasampieri.it\/fr\/casa\/casa-di-pietra\/\",\"url\":\"https:\/\/www.casadartistasampieri.it\/fr\/casa\/casa-di-pietra\/\",\"name\":\"Casa di Pietra - Casa d'Artista\",\"isPartOf\":{\"@id\":\"https:\/\/www.casadartistasampieri.it\/fr\/#website\"},\"primaryImageOfPage\":{\"@id\":\"https:\/\/www.casadartistasampieri.it\/fr\/casa\/casa-di-pietra\/#primaryimage\"},\"image\":{\"@id\":\"https:\/\/www.casadartistasampieri.it\/fr\/casa\/casa-di-pietra\/#primaryimage\"},\"thumbnailUrl\":\"https:\/\/www.casadartistasampieri.it\/wp-content\/uploads\/2024\/05\/letto-casa-pietra-edit.jpg\",\"datePublished\":\"2024-05-29T15:42:19+00:00\",\"dateModified\":\"2026-04-27T07:27:06+00:00\",\"breadcrumb\":{\"@id\":\"https:\/\/www.casadartistasampieri.it\/fr\/casa\/casa-di-pietra\/#breadcrumb\"},\"inLanguage\":\"fr-FR\",\"potentialAction\":[{\"@type\":\"ReadAction\",\"target\":[\"https:\/\/www.casadartistasampieri.it\/fr\/casa\/casa-di-pietra\/\"]}]},{\"@type\":\"ImageObject\",\"inLanguage\":\"fr-FR\",\"@id\":\"https:\/\/www.casadartistasampieri.it\/fr\/casa\/casa-di-pietra\/#primaryimage\",\"url\":\"https:\/\/www.casadartistasampieri.it\/wp-content\/uploads\/2024\/05\/letto-casa-pietra-edit.jpg\",\"contentUrl\":\"https:\/\/www.casadartistasampieri.it\/wp-content\/uploads\/2024\/05\/letto-casa-pietra-edit.jpg\",\"width\":1920,\"height\":1357},{\"@type\":\"BreadcrumbList\",\"@id\":\"https:\/\/www.casadartistasampieri.it\/fr\/casa\/casa-di-pietra\/#breadcrumb\",\"itemListElement\":[{\"@type\":\"ListItem\",\"position\":1,\"name\":\"Home\",\"item\":\"https:\/\/www.casadartistasampieri.it\/fr\/\"},{\"@type\":\"ListItem\",\"position\":2,\"name\":\"Produits\",\"item\":\"https:\/\/www.casadartistasampieri.it\/fr\/shop\/\"},{\"@type\":\"ListItem\",\"position\":3,\"name\":\"Casa di Pietra\"}]},{\"@type\":\"WebSite\",\"@id\":\"https:\/\/www.casadartistasampieri.it\/fr\/#website\",\"url\":\"https:\/\/www.casadartistasampieri.it\/fr\/\",\"name\":\"Casa d'Artista\",\"description\":\"\",\"publisher\":{\"@id\":\"https:\/\/www.casadartistasampieri.it\/fr\/#organization\"},\"potentialAction\":[{\"@type\":\"SearchAction\",\"target\":{\"@type\":\"EntryPoint\",\"urlTemplate\":\"https:\/\/www.casadartistasampieri.it\/fr\/?s={search_term_string}\"},\"query-input\":\"required name=search_term_string\"}],\"inLanguage\":\"fr-FR\"},{\"@type\":\"Organization\",\"@id\":\"https:\/\/www.casadartistasampieri.it\/fr\/#organization\",\"name\":\"Casa d'Artista\",\"url\":\"https:\/\/www.casadartistasampieri.it\/fr\/\",\"logo\":{\"@type\":\"ImageObject\",\"inLanguage\":\"fr-FR\",\"@id\":\"https:\/\/www.casadartistasampieri.it\/fr\/#\/schema\/logo\/image\/\",\"url\":\"https:\/\/www.casadartistasampieri.it\/wp-content\/uploads\/2024\/06\/Casa-dArtista-Sampieri.png\",\"contentUrl\":\"https:\/\/www.casadartistasampieri.it\/wp-content\/uploads\/2024\/06\/Casa-dArtista-Sampieri.png\",\"width\":500,\"height\":253,\"caption\":\"Casa d'Artista\"},\"image\":{\"@id\":\"https:\/\/www.casadartistasampieri.it\/fr\/#\/schema\/logo\/image\/\"},\"sameAs\":[\"https:\/\/www.facebook.com\/casadartistasampieri\",\"https:\/\/www.instagram.com\/casadartista\/\",\"https:\/\/www.tripadvisor.it\/Hotel_Review-g1214157-d4272088-Reviews-Casa_D_Artista-Sampieri_Scicli_Province_of_Ragusa_Sicily.html\"]}]}<\/script>\n<!-- \/ Yoast SEO plugin. -->","yoast_head_json":{"title":"Casa di Pietra - Casa d'Artista","robots":{"index":"index","follow":"follow","max-snippet":"max-snippet:-1","max-image-preview":"max-image-preview:large","max-video-preview":"max-video-preview:-1"},"canonical":"https:\/\/www.casadartistasampieri.it\/fr\/casa\/casa-di-pietra\/","og_locale":"fr_FR","og_type":"article","og_title":"Casa di Pietra - Casa d'Artista","og_description":"CODE CIR: 19088011C241264 CODE CIN: *IT088011C2HSGG7HZU * Situ\u00e9e \u00e0 quelques m\u00e8tres de la plage de Sampieri, au premier \u00e9tage d&rsquo;une rue tranquille parall\u00e8le au front de mer, la Casa di Pietra offre un s\u00e9jour confortable et panoramique. Accessible par un charmant escalier en pierre, l&rsquo;appartement s&rsquo;ouvre sur une salle de s\u00e9jour lumineuse avec un lit [&hellip;]","og_url":"https:\/\/www.casadartistasampieri.it\/fr\/casa\/casa-di-pietra\/","og_site_name":"Casa d'Artista","article_publisher":"https:\/\/www.facebook.com\/casadartistasampieri","article_modified_time":"2026-04-27T07:27:06+00:00","og_image":[{"width":1920,"height":1357,"url":"https:\/\/www.casadartistasampieri.it\/wp-content\/uploads\/2024\/05\/letto-casa-pietra-edit.jpg","type":"image\/jpeg"}],"twitter_card":"summary_large_image","twitter_misc":{"Dur\u00e9e de lecture estim\u00e9e":"2 minutes"},"schema":{"@context":"https:\/\/schema.org","@graph":[{"@type":"WebPage","@id":"https:\/\/www.casadartistasampieri.it\/fr\/casa\/casa-di-pietra\/","url":"https:\/\/www.casadartistasampieri.it\/fr\/casa\/casa-di-pietra\/","name":"Casa di Pietra - Casa d'Artista","isPartOf":{"@id":"https:\/\/www.casadartistasampieri.it\/fr\/#website"},"primaryImageOfPage":{"@id":"https:\/\/www.casadartistasampieri.it\/fr\/casa\/casa-di-pietra\/#primaryimage"},"image":{"@id":"https:\/\/www.casadartistasampieri.it\/fr\/casa\/casa-di-pietra\/#primaryimage"},"thumbnailUrl":"https:\/\/www.casadartistasampieri.it\/wp-content\/uploads\/2024\/05\/letto-casa-pietra-edit.jpg","datePublished":"2024-05-29T15:42:19+00:00","dateModified":"2026-04-27T07:27:06+00:00","breadcrumb":{"@id":"https:\/\/www.casadartistasampieri.it\/fr\/casa\/casa-di-pietra\/#breadcrumb"},"inLanguage":"fr-FR","potentialAction":[{"@type":"ReadAction","target":["https:\/\/www.casadartistasampieri.it\/fr\/casa\/casa-di-pietra\/"]}]},{"@type":"ImageObject","inLanguage":"fr-FR","@id":"https:\/\/www.casadartistasampieri.it\/fr\/casa\/casa-di-pietra\/#primaryimage","url":"https:\/\/www.casadartistasampieri.it\/wp-content\/uploads\/2024\/05\/letto-casa-pietra-edit.jpg","contentUrl":"https:\/\/www.casadartistasampieri.it\/wp-content\/uploads\/2024\/05\/letto-casa-pietra-edit.jpg","width":1920,"height":1357},{"@type":"BreadcrumbList","@id":"https:\/\/www.casadartistasampieri.it\/fr\/casa\/casa-di-pietra\/#breadcrumb","itemListElement":[{"@type":"ListItem","position":1,"name":"Home","item":"https:\/\/www.casadartistasampieri.it\/fr\/"},{"@type":"ListItem","position":2,"name":"Produits","item":"https:\/\/www.casadartistasampieri.it\/fr\/shop\/"},{"@type":"ListItem","position":3,"name":"Casa di Pietra"}]},{"@type":"WebSite","@id":"https:\/\/www.casadartistasampieri.it\/fr\/#website","url":"https:\/\/www.casadartistasampieri.it\/fr\/","name":"Casa d'Artista","description":"","publisher":{"@id":"https:\/\/www.casadartistasampieri.it\/fr\/#organization"},"potentialAction":[{"@type":"SearchAction","target":{"@type":"EntryPoint","urlTemplate":"https:\/\/www.casadartistasampieri.it\/fr\/?s={search_term_string}"},"query-input":"required name=search_term_string"}],"inLanguage":"fr-FR"},{"@type":"Organization","@id":"https:\/\/www.casadartistasampieri.it\/fr\/#organization","name":"Casa d'Artista","url":"https:\/\/www.casadartistasampieri.it\/fr\/","logo":{"@type":"ImageObject","inLanguage":"fr-FR","@id":"https:\/\/www.casadartistasampieri.it\/fr\/#\/schema\/logo\/image\/","url":"https:\/\/www.casadartistasampieri.it\/wp-content\/uploads\/2024\/06\/Casa-dArtista-Sampieri.png","contentUrl":"https:\/\/www.casadartistasampieri.it\/wp-content\/uploads\/2024\/06\/Casa-dArtista-Sampieri.png","width":500,"height":253,"caption":"Casa d'Artista"},"image":{"@id":"https:\/\/www.casadartistasampieri.it\/fr\/#\/schema\/logo\/image\/"},"sameAs":["https:\/\/www.facebook.com\/casadartistasampieri","https:\/\/www.instagram.com\/casadartista\/","https:\/\/www.tripadvisor.it\/Hotel_Review-g1214157-d4272088-Reviews-Casa_D_Artista-Sampieri_Scicli_Province_of_Ragusa_Sicily.html"]}]}},"_links":{"self":[{"href":"https:\/\/www.casadartistasampieri.it\/fr\/wp-json\/wp\/v2\/product\/5608"}],"collection":[{"href":"https:\/\/www.casadartistasampieri.it\/fr\/wp-json\/wp\/v2\/product"}],"about":[{"href":"https:\/\/www.casadartistasampieri.it\/fr\/wp-json\/wp\/v2\/types\/product"}],"replies":[{"embeddable":true,"href":"https:\/\/www.casadartistasampieri.it\/fr\/wp-json\/wp\/v2\/comments?post=5608"}],"wp:featuredmedia":[{"embeddable":true,"href":"https:\/\/www.casadartistasampieri.it\/fr\/wp-json\/wp\/v2\/media\/5928"}],"wp:attachment":[{"href":"https:\/\/www.casadartistasampieri.it\/fr\/wp-json\/wp\/v2\/media?parent=5608"}],"wp:term":[{"taxonomy":"product_cat","embeddable":true,"href":"https:\/\/www.casadartistasampieri.it\/fr\/wp-json\/wp\/v2\/product_cat?post=5608"},{"taxonomy":"product_tag","embeddable":true,"href":"https:\/\/www.casadartistasampieri.it\/fr\/wp-json\/wp\/v2\/product_tag?post=5608"}],"curies":[{"name":"wp","href":"https:\/\/api.w.org\/{rel}","templated":true}]}}