{"id":5604,"date":"2024-05-29T17:38:24","date_gmt":"2024-05-29T15:38:24","guid":{"rendered":"https:\/\/www.casadartistasampieri.it\/casa\/casa-del-pescatore\/"},"modified":"2026-04-09T12:51:31","modified_gmt":"2026-04-09T10:51:31","slug":"casa-del-pescatore","status":"publish","type":"product","link":"https:\/\/www.casadartistasampieri.it\/fr\/casa\/casa-del-pescatore\/","title":{"rendered":"Casa del Pescatore"},"content":{"rendered":"<p>CODE CIR: 19088011C241264<br \/>\nCODE CIN: *IT088011C2HSGG7HZU *<\/p>\n<p>Situ\u00e9 \u00e0 quelques m\u00e8tres de la plage de Sampieri, dans une rue tranquille parall\u00e8le au front de mer, le Casa del Pescatore est un appartement de plain-pied offrant une atmosph\u00e8re agr\u00e9able et confortable. La grande cour pav\u00e9e, ombrag\u00e9e par un bougainvillier luxuriant, vous invite \u00e0 vous d\u00e9tendre en plein air, tandis que l&rsquo;espace de vie avec kitchenette, la chambre double et les deux salles de bains garantissent un s\u00e9jour agr\u00e9able pour un maximum de cinq personnes. L&rsquo;appartement est dot\u00e9 de tous les \u00e9quipements modernes, notamment d&rsquo;une connexion Wi-Fi, de la climatisation, d&rsquo;un lave-linge et d&rsquo;une kitchenette compl\u00e8te. Le linge de maison, les serviettes et les accessoires de plage sont inclus, ainsi que des lits d&rsquo;enfants, des jeux et des \u00e9quipements pour rendre le s\u00e9jour encore plus facile et agr\u00e9able pour les familles. Les d\u00e9corations r\u00e9alis\u00e9es par la propri\u00e9taire, Fernanda, artiste et artisan, conf\u00e8rent \u00e0 l&rsquo;appartement une touche unique et personnelle.<\/p>\n","protected":false},"excerpt":{"rendered":"<p>CODE CIR: 19088011C241264 CODE CIN: *IT088011C2HSGG7HZU * Situ\u00e9 \u00e0 quelques m\u00e8tres de la plage de Sampieri, dans une rue tranquille parall\u00e8le au front de mer, le Casa del Pescatore est un appartement de plain-pied offrant une atmosph\u00e8re agr\u00e9able et confortable. La grande cour pav\u00e9e, ombrag\u00e9e par un bougainvillier luxuriant, vous invite \u00e0 vous d\u00e9tendre en [&hellip;]<\/p>\n","protected":false},"featured_media":4943,"comment_status":"open","ping_status":"closed","template":"","meta":{"_acf_changed":false},"product_cat":[59],"product_tag":[],"acf":[],"yoast_head":"<!-- This site is optimized with the Yoast SEO plugin v23.1 - https:\/\/yoast.com\/wordpress\/plugins\/seo\/ -->\n<title>Casa del Pescatore - Casa d&#039;Artista<\/title>\n<meta name=\"robots\" content=\"index, follow, max-snippet:-1, max-image-preview:large, max-video-preview:-1\" \/>\n<link rel=\"canonical\" href=\"https:\/\/www.casadartistasampieri.it\/fr\/casa\/casa-del-pescatore\/\" \/>\n<meta property=\"og:locale\" content=\"fr_FR\" \/>\n<meta property=\"og:type\" content=\"article\" \/>\n<meta property=\"og:title\" content=\"Casa del Pescatore - Casa d&#039;Artista\" \/>\n<meta property=\"og:description\" content=\"CODE CIR: 19088011C241264 CODE CIN: *IT088011C2HSGG7HZU * Situ\u00e9 \u00e0 quelques m\u00e8tres de la plage de Sampieri, dans une rue tranquille parall\u00e8le au front de mer, le Casa del Pescatore est un appartement de plain-pied offrant une atmosph\u00e8re agr\u00e9able et confortable. La grande cour pav\u00e9e, ombrag\u00e9e par un bougainvillier luxuriant, vous invite \u00e0 vous d\u00e9tendre en [&hellip;]\" \/>\n<meta property=\"og:url\" content=\"https:\/\/www.casadartistasampieri.it\/fr\/casa\/casa-del-pescatore\/\" \/>\n<meta property=\"og:site_name\" content=\"Casa d&#039;Artista\" \/>\n<meta property=\"article:publisher\" content=\"https:\/\/www.facebook.com\/casadartistasampieri\" \/>\n<meta property=\"article:modified_time\" content=\"2026-04-09T10:51:31+00:00\" \/>\n<meta property=\"og:image\" content=\"https:\/\/www.casadartistasampieri.it\/wp-content\/uploads\/2024\/05\/Casa-dArtista-Sampieri-Case-del-Pescatore-Header.jpg\" \/>\n\t<meta property=\"og:image:width\" content=\"1920\" \/>\n\t<meta property=\"og:image:height\" content=\"600\" \/>\n\t<meta property=\"og:image:type\" content=\"image\/jpeg\" \/>\n<meta name=\"twitter:card\" content=\"summary_large_image\" \/>\n<meta name=\"twitter:label1\" content=\"Dur\u00e9e de lecture estim\u00e9e\" \/>\n\t<meta name=\"twitter:data1\" content=\"2 minutes\" \/>\n<script type=\"application\/ld+json\" class=\"yoast-schema-graph\">{\"@context\":\"https:\/\/schema.org\",\"@graph\":[{\"@type\":\"WebPage\",\"@id\":\"https:\/\/www.casadartistasampieri.it\/fr\/casa\/casa-del-pescatore\/\",\"url\":\"https:\/\/www.casadartistasampieri.it\/fr\/casa\/casa-del-pescatore\/\",\"name\":\"Casa del Pescatore - Casa d'Artista\",\"isPartOf\":{\"@id\":\"https:\/\/www.casadartistasampieri.it\/fr\/#website\"},\"primaryImageOfPage\":{\"@id\":\"https:\/\/www.casadartistasampieri.it\/fr\/casa\/casa-del-pescatore\/#primaryimage\"},\"image\":{\"@id\":\"https:\/\/www.casadartistasampieri.it\/fr\/casa\/casa-del-pescatore\/#primaryimage\"},\"thumbnailUrl\":\"https:\/\/www.casadartistasampieri.it\/wp-content\/uploads\/2024\/05\/Casa-dArtista-Sampieri-Case-del-Pescatore-Header.jpg\",\"datePublished\":\"2024-05-29T15:38:24+00:00\",\"dateModified\":\"2026-04-09T10:51:31+00:00\",\"breadcrumb\":{\"@id\":\"https:\/\/www.casadartistasampieri.it\/fr\/casa\/casa-del-pescatore\/#breadcrumb\"},\"inLanguage\":\"fr-FR\",\"potentialAction\":[{\"@type\":\"ReadAction\",\"target\":[\"https:\/\/www.casadartistasampieri.it\/fr\/casa\/casa-del-pescatore\/\"]}]},{\"@type\":\"ImageObject\",\"inLanguage\":\"fr-FR\",\"@id\":\"https:\/\/www.casadartistasampieri.it\/fr\/casa\/casa-del-pescatore\/#primaryimage\",\"url\":\"https:\/\/www.casadartistasampieri.it\/wp-content\/uploads\/2024\/05\/Casa-dArtista-Sampieri-Case-del-Pescatore-Header.jpg\",\"contentUrl\":\"https:\/\/www.casadartistasampieri.it\/wp-content\/uploads\/2024\/05\/Casa-dArtista-Sampieri-Case-del-Pescatore-Header.jpg\",\"width\":1920,\"height\":600},{\"@type\":\"BreadcrumbList\",\"@id\":\"https:\/\/www.casadartistasampieri.it\/fr\/casa\/casa-del-pescatore\/#breadcrumb\",\"itemListElement\":[{\"@type\":\"ListItem\",\"position\":1,\"name\":\"Home\",\"item\":\"https:\/\/www.casadartistasampieri.it\/fr\/\"},{\"@type\":\"ListItem\",\"position\":2,\"name\":\"Produits\",\"item\":\"https:\/\/www.casadartistasampieri.it\/fr\/shop\/\"},{\"@type\":\"ListItem\",\"position\":3,\"name\":\"Casa del Pescatore\"}]},{\"@type\":\"WebSite\",\"@id\":\"https:\/\/www.casadartistasampieri.it\/fr\/#website\",\"url\":\"https:\/\/www.casadartistasampieri.it\/fr\/\",\"name\":\"Casa d'Artista\",\"description\":\"\",\"publisher\":{\"@id\":\"https:\/\/www.casadartistasampieri.it\/fr\/#organization\"},\"potentialAction\":[{\"@type\":\"SearchAction\",\"target\":{\"@type\":\"EntryPoint\",\"urlTemplate\":\"https:\/\/www.casadartistasampieri.it\/fr\/?s={search_term_string}\"},\"query-input\":\"required name=search_term_string\"}],\"inLanguage\":\"fr-FR\"},{\"@type\":\"Organization\",\"@id\":\"https:\/\/www.casadartistasampieri.it\/fr\/#organization\",\"name\":\"Casa d'Artista\",\"url\":\"https:\/\/www.casadartistasampieri.it\/fr\/\",\"logo\":{\"@type\":\"ImageObject\",\"inLanguage\":\"fr-FR\",\"@id\":\"https:\/\/www.casadartistasampieri.it\/fr\/#\/schema\/logo\/image\/\",\"url\":\"https:\/\/www.casadartistasampieri.it\/wp-content\/uploads\/2024\/06\/Casa-dArtista-Sampieri.png\",\"contentUrl\":\"https:\/\/www.casadartistasampieri.it\/wp-content\/uploads\/2024\/06\/Casa-dArtista-Sampieri.png\",\"width\":500,\"height\":253,\"caption\":\"Casa d'Artista\"},\"image\":{\"@id\":\"https:\/\/www.casadartistasampieri.it\/fr\/#\/schema\/logo\/image\/\"},\"sameAs\":[\"https:\/\/www.facebook.com\/casadartistasampieri\",\"https:\/\/www.instagram.com\/casadartista\/\",\"https:\/\/www.tripadvisor.it\/Hotel_Review-g1214157-d4272088-Reviews-Casa_D_Artista-Sampieri_Scicli_Province_of_Ragusa_Sicily.html\"]}]}<\/script>\n<!-- \/ Yoast SEO plugin. -->","yoast_head_json":{"title":"Casa del Pescatore - Casa d'Artista","robots":{"index":"index","follow":"follow","max-snippet":"max-snippet:-1","max-image-preview":"max-image-preview:large","max-video-preview":"max-video-preview:-1"},"canonical":"https:\/\/www.casadartistasampieri.it\/fr\/casa\/casa-del-pescatore\/","og_locale":"fr_FR","og_type":"article","og_title":"Casa del Pescatore - Casa d'Artista","og_description":"CODE CIR: 19088011C241264 CODE CIN: *IT088011C2HSGG7HZU * Situ\u00e9 \u00e0 quelques m\u00e8tres de la plage de Sampieri, dans une rue tranquille parall\u00e8le au front de mer, le Casa del Pescatore est un appartement de plain-pied offrant une atmosph\u00e8re agr\u00e9able et confortable. La grande cour pav\u00e9e, ombrag\u00e9e par un bougainvillier luxuriant, vous invite \u00e0 vous d\u00e9tendre en [&hellip;]","og_url":"https:\/\/www.casadartistasampieri.it\/fr\/casa\/casa-del-pescatore\/","og_site_name":"Casa d'Artista","article_publisher":"https:\/\/www.facebook.com\/casadartistasampieri","article_modified_time":"2026-04-09T10:51:31+00:00","og_image":[{"width":1920,"height":600,"url":"https:\/\/www.casadartistasampieri.it\/wp-content\/uploads\/2024\/05\/Casa-dArtista-Sampieri-Case-del-Pescatore-Header.jpg","type":"image\/jpeg"}],"twitter_card":"summary_large_image","twitter_misc":{"Dur\u00e9e de lecture estim\u00e9e":"2 minutes"},"schema":{"@context":"https:\/\/schema.org","@graph":[{"@type":"WebPage","@id":"https:\/\/www.casadartistasampieri.it\/fr\/casa\/casa-del-pescatore\/","url":"https:\/\/www.casadartistasampieri.it\/fr\/casa\/casa-del-pescatore\/","name":"Casa del Pescatore - Casa d'Artista","isPartOf":{"@id":"https:\/\/www.casadartistasampieri.it\/fr\/#website"},"primaryImageOfPage":{"@id":"https:\/\/www.casadartistasampieri.it\/fr\/casa\/casa-del-pescatore\/#primaryimage"},"image":{"@id":"https:\/\/www.casadartistasampieri.it\/fr\/casa\/casa-del-pescatore\/#primaryimage"},"thumbnailUrl":"https:\/\/www.casadartistasampieri.it\/wp-content\/uploads\/2024\/05\/Casa-dArtista-Sampieri-Case-del-Pescatore-Header.jpg","datePublished":"2024-05-29T15:38:24+00:00","dateModified":"2026-04-09T10:51:31+00:00","breadcrumb":{"@id":"https:\/\/www.casadartistasampieri.it\/fr\/casa\/casa-del-pescatore\/#breadcrumb"},"inLanguage":"fr-FR","potentialAction":[{"@type":"ReadAction","target":["https:\/\/www.casadartistasampieri.it\/fr\/casa\/casa-del-pescatore\/"]}]},{"@type":"ImageObject","inLanguage":"fr-FR","@id":"https:\/\/www.casadartistasampieri.it\/fr\/casa\/casa-del-pescatore\/#primaryimage","url":"https:\/\/www.casadartistasampieri.it\/wp-content\/uploads\/2024\/05\/Casa-dArtista-Sampieri-Case-del-Pescatore-Header.jpg","contentUrl":"https:\/\/www.casadartistasampieri.it\/wp-content\/uploads\/2024\/05\/Casa-dArtista-Sampieri-Case-del-Pescatore-Header.jpg","width":1920,"height":600},{"@type":"BreadcrumbList","@id":"https:\/\/www.casadartistasampieri.it\/fr\/casa\/casa-del-pescatore\/#breadcrumb","itemListElement":[{"@type":"ListItem","position":1,"name":"Home","item":"https:\/\/www.casadartistasampieri.it\/fr\/"},{"@type":"ListItem","position":2,"name":"Produits","item":"https:\/\/www.casadartistasampieri.it\/fr\/shop\/"},{"@type":"ListItem","position":3,"name":"Casa del Pescatore"}]},{"@type":"WebSite","@id":"https:\/\/www.casadartistasampieri.it\/fr\/#website","url":"https:\/\/www.casadartistasampieri.it\/fr\/","name":"Casa d'Artista","description":"","publisher":{"@id":"https:\/\/www.casadartistasampieri.it\/fr\/#organization"},"potentialAction":[{"@type":"SearchAction","target":{"@type":"EntryPoint","urlTemplate":"https:\/\/www.casadartistasampieri.it\/fr\/?s={search_term_string}"},"query-input":"required name=search_term_string"}],"inLanguage":"fr-FR"},{"@type":"Organization","@id":"https:\/\/www.casadartistasampieri.it\/fr\/#organization","name":"Casa d'Artista","url":"https:\/\/www.casadartistasampieri.it\/fr\/","logo":{"@type":"ImageObject","inLanguage":"fr-FR","@id":"https:\/\/www.casadartistasampieri.it\/fr\/#\/schema\/logo\/image\/","url":"https:\/\/www.casadartistasampieri.it\/wp-content\/uploads\/2024\/06\/Casa-dArtista-Sampieri.png","contentUrl":"https:\/\/www.casadartistasampieri.it\/wp-content\/uploads\/2024\/06\/Casa-dArtista-Sampieri.png","width":500,"height":253,"caption":"Casa d'Artista"},"image":{"@id":"https:\/\/www.casadartistasampieri.it\/fr\/#\/schema\/logo\/image\/"},"sameAs":["https:\/\/www.facebook.com\/casadartistasampieri","https:\/\/www.instagram.com\/casadartista\/","https:\/\/www.tripadvisor.it\/Hotel_Review-g1214157-d4272088-Reviews-Casa_D_Artista-Sampieri_Scicli_Province_of_Ragusa_Sicily.html"]}]}},"_links":{"self":[{"href":"https:\/\/www.casadartistasampieri.it\/fr\/wp-json\/wp\/v2\/product\/5604"}],"collection":[{"href":"https:\/\/www.casadartistasampieri.it\/fr\/wp-json\/wp\/v2\/product"}],"about":[{"href":"https:\/\/www.casadartistasampieri.it\/fr\/wp-json\/wp\/v2\/types\/product"}],"replies":[{"embeddable":true,"href":"https:\/\/www.casadartistasampieri.it\/fr\/wp-json\/wp\/v2\/comments?post=5604"}],"wp:featuredmedia":[{"embeddable":true,"href":"https:\/\/www.casadartistasampieri.it\/fr\/wp-json\/wp\/v2\/media\/4943"}],"wp:attachment":[{"href":"https:\/\/www.casadartistasampieri.it\/fr\/wp-json\/wp\/v2\/media?parent=5604"}],"wp:term":[{"taxonomy":"product_cat","embeddable":true,"href":"https:\/\/www.casadartistasampieri.it\/fr\/wp-json\/wp\/v2\/product_cat?post=5604"},{"taxonomy":"product_tag","embeddable":true,"href":"https:\/\/www.casadartistasampieri.it\/fr\/wp-json\/wp\/v2\/product_tag?post=5604"}],"curies":[{"name":"wp","href":"https:\/\/api.w.org\/{rel}","templated":true}]}}