{"id":5600,"date":"2024-05-29T14:44:00","date_gmt":"2024-05-29T12:44:00","guid":{"rendered":"https:\/\/www.casadartistasampieri.it\/casa\/casazzurra\/"},"modified":"2026-04-24T17:40:39","modified_gmt":"2026-04-24T15:40:39","slug":"casazzurra","status":"publish","type":"product","link":"https:\/\/www.casadartistasampieri.it\/fr\/casa\/casazzurra\/","title":{"rendered":"Casazzurra"},"content":{"rendered":"<p data-prosemirror-content-type=\"node\" data-prosemirror-node-name=\"paragraph\" data-prosemirror-node-block=\"true\" data-pm-slice=\"1 1 []\"><strong data-prosemirror-content-type=\"mark\" data-prosemirror-mark-name=\"strong\">Code CIR :<\/strong> 19088011C241265 <strong data-prosemirror-content-type=\"mark\" data-prosemirror-mark-name=\"strong\">Code CIN :<\/strong> <em data-prosemirror-content-type=\"mark\" data-prosemirror-mark-name=\"em\">IT088011C2HQ6SC8UV<\/em><\/p>\n<p data-prosemirror-content-type=\"node\" data-prosemirror-node-name=\"paragraph\" data-prosemirror-node-block=\"true\">Situ\u00e9 via Monte San Michele, \u00e0 quelques pas de la plage de Sampieri, <em data-prosemirror-content-type=\"mark\" data-prosemirror-mark-name=\"em\">Casazzurra<\/em> est un appartement spacieux et confortable, id\u00e9al pour des vacances en famille ou entre amis. Le grand patio int\u00e9rieur, am\u00e9nag\u00e9 avec go\u00fbt et dot\u00e9 d\u2019un coin cuisine ainsi que d\u2019une douche ext\u00e9rieure, invite \u00e0 se d\u00e9tendre en plein air. L\u2019appartement comprend deux chambres doubles, dont l\u2019une avec un lit simple, un s\u00e9jour, deux salles de bain et une cuisine enti\u00e8rement \u00e9quip\u00e9e avec tous les \u00e9lectrom\u00e9nagers. Les h\u00f4tes disposent \u00e9galement de linge de maison, d\u2019un parasol, de chaises et de jeux de plage. Chaque d\u00e9tail, soigneusement choisi par la propri\u00e9taire, contribue \u00e0 cr\u00e9er une atmosph\u00e8re accueillante et relaxante, plac\u00e9e sous le signe du bleu, couleur dominante de la d\u00e9coration.<\/p>\n","protected":false},"excerpt":{"rendered":"<p>Code CIR : 19088011C241265 Code CIN : IT088011C2HQ6SC8UV Situ\u00e9 via Monte San Michele, \u00e0 quelques pas de la plage de Sampieri, Casazzurra est un appartement spacieux et confortable, id\u00e9al pour des vacances en famille ou entre amis. Le grand patio int\u00e9rieur, am\u00e9nag\u00e9 avec go\u00fbt et dot\u00e9 d\u2019un coin cuisine ainsi que d\u2019une douche ext\u00e9rieure, invite [&hellip;]<\/p>\n","protected":false},"featured_media":4727,"comment_status":"open","ping_status":"closed","template":"","meta":{"_acf_changed":false},"product_cat":[59],"product_tag":[],"acf":[],"yoast_head":"<!-- This site is optimized with the Yoast SEO plugin v23.1 - https:\/\/yoast.com\/wordpress\/plugins\/seo\/ -->\n<title>Casazzurra - Casa d&#039;Artista<\/title>\n<meta name=\"robots\" content=\"index, follow, max-snippet:-1, max-image-preview:large, max-video-preview:-1\" \/>\n<link rel=\"canonical\" href=\"https:\/\/www.casadartistasampieri.it\/fr\/casa\/casazzurra\/\" \/>\n<meta property=\"og:locale\" content=\"fr_FR\" \/>\n<meta property=\"og:type\" content=\"article\" \/>\n<meta property=\"og:title\" content=\"Casazzurra - Casa d&#039;Artista\" \/>\n<meta property=\"og:description\" content=\"Code CIR : 19088011C241265 Code CIN : IT088011C2HQ6SC8UV Situ\u00e9 via Monte San Michele, \u00e0 quelques pas de la plage de Sampieri, Casazzurra est un appartement spacieux et confortable, id\u00e9al pour des vacances en famille ou entre amis. Le grand patio int\u00e9rieur, am\u00e9nag\u00e9 avec go\u00fbt et dot\u00e9 d\u2019un coin cuisine ainsi que d\u2019une douche ext\u00e9rieure, invite [&hellip;]\" \/>\n<meta property=\"og:url\" content=\"https:\/\/www.casadartistasampieri.it\/fr\/casa\/casazzurra\/\" \/>\n<meta property=\"og:site_name\" content=\"Casa d&#039;Artista\" \/>\n<meta property=\"article:publisher\" content=\"https:\/\/www.facebook.com\/casadartistasampieri\" \/>\n<meta property=\"article:modified_time\" content=\"2026-04-24T15:40:39+00:00\" \/>\n<meta property=\"og:image\" content=\"https:\/\/www.casadartistasampieri.it\/wp-content\/uploads\/2024\/05\/Casa-dArtista-Sampieri-Casazzurra-Header.jpg\" \/>\n\t<meta property=\"og:image:width\" content=\"1920\" \/>\n\t<meta property=\"og:image:height\" content=\"600\" \/>\n\t<meta property=\"og:image:type\" content=\"image\/jpeg\" \/>\n<meta name=\"twitter:card\" content=\"summary_large_image\" \/>\n<meta name=\"twitter:label1\" content=\"Dur\u00e9e de lecture estim\u00e9e\" \/>\n\t<meta name=\"twitter:data1\" content=\"1 minute\" \/>\n<script type=\"application\/ld+json\" class=\"yoast-schema-graph\">{\"@context\":\"https:\/\/schema.org\",\"@graph\":[{\"@type\":\"WebPage\",\"@id\":\"https:\/\/www.casadartistasampieri.it\/fr\/casa\/casazzurra\/\",\"url\":\"https:\/\/www.casadartistasampieri.it\/fr\/casa\/casazzurra\/\",\"name\":\"Casazzurra - Casa d'Artista\",\"isPartOf\":{\"@id\":\"https:\/\/www.casadartistasampieri.it\/fr\/#website\"},\"primaryImageOfPage\":{\"@id\":\"https:\/\/www.casadartistasampieri.it\/fr\/casa\/casazzurra\/#primaryimage\"},\"image\":{\"@id\":\"https:\/\/www.casadartistasampieri.it\/fr\/casa\/casazzurra\/#primaryimage\"},\"thumbnailUrl\":\"https:\/\/www.casadartistasampieri.it\/wp-content\/uploads\/2024\/05\/Casa-dArtista-Sampieri-Casazzurra-Header.jpg\",\"datePublished\":\"2024-05-29T12:44:00+00:00\",\"dateModified\":\"2026-04-24T15:40:39+00:00\",\"breadcrumb\":{\"@id\":\"https:\/\/www.casadartistasampieri.it\/fr\/casa\/casazzurra\/#breadcrumb\"},\"inLanguage\":\"fr-FR\",\"potentialAction\":[{\"@type\":\"ReadAction\",\"target\":[\"https:\/\/www.casadartistasampieri.it\/fr\/casa\/casazzurra\/\"]}]},{\"@type\":\"ImageObject\",\"inLanguage\":\"fr-FR\",\"@id\":\"https:\/\/www.casadartistasampieri.it\/fr\/casa\/casazzurra\/#primaryimage\",\"url\":\"https:\/\/www.casadartistasampieri.it\/wp-content\/uploads\/2024\/05\/Casa-dArtista-Sampieri-Casazzurra-Header.jpg\",\"contentUrl\":\"https:\/\/www.casadartistasampieri.it\/wp-content\/uploads\/2024\/05\/Casa-dArtista-Sampieri-Casazzurra-Header.jpg\",\"width\":1920,\"height\":600},{\"@type\":\"BreadcrumbList\",\"@id\":\"https:\/\/www.casadartistasampieri.it\/fr\/casa\/casazzurra\/#breadcrumb\",\"itemListElement\":[{\"@type\":\"ListItem\",\"position\":1,\"name\":\"Home\",\"item\":\"https:\/\/www.casadartistasampieri.it\/fr\/\"},{\"@type\":\"ListItem\",\"position\":2,\"name\":\"Produits\",\"item\":\"https:\/\/www.casadartistasampieri.it\/fr\/shop\/\"},{\"@type\":\"ListItem\",\"position\":3,\"name\":\"Casazzurra\"}]},{\"@type\":\"WebSite\",\"@id\":\"https:\/\/www.casadartistasampieri.it\/fr\/#website\",\"url\":\"https:\/\/www.casadartistasampieri.it\/fr\/\",\"name\":\"Casa d'Artista\",\"description\":\"\",\"publisher\":{\"@id\":\"https:\/\/www.casadartistasampieri.it\/fr\/#organization\"},\"potentialAction\":[{\"@type\":\"SearchAction\",\"target\":{\"@type\":\"EntryPoint\",\"urlTemplate\":\"https:\/\/www.casadartistasampieri.it\/fr\/?s={search_term_string}\"},\"query-input\":\"required name=search_term_string\"}],\"inLanguage\":\"fr-FR\"},{\"@type\":\"Organization\",\"@id\":\"https:\/\/www.casadartistasampieri.it\/fr\/#organization\",\"name\":\"Casa d'Artista\",\"url\":\"https:\/\/www.casadartistasampieri.it\/fr\/\",\"logo\":{\"@type\":\"ImageObject\",\"inLanguage\":\"fr-FR\",\"@id\":\"https:\/\/www.casadartistasampieri.it\/fr\/#\/schema\/logo\/image\/\",\"url\":\"https:\/\/www.casadartistasampieri.it\/wp-content\/uploads\/2024\/06\/Casa-dArtista-Sampieri.png\",\"contentUrl\":\"https:\/\/www.casadartistasampieri.it\/wp-content\/uploads\/2024\/06\/Casa-dArtista-Sampieri.png\",\"width\":500,\"height\":253,\"caption\":\"Casa d'Artista\"},\"image\":{\"@id\":\"https:\/\/www.casadartistasampieri.it\/fr\/#\/schema\/logo\/image\/\"},\"sameAs\":[\"https:\/\/www.facebook.com\/casadartistasampieri\",\"https:\/\/www.instagram.com\/casadartista\/\",\"https:\/\/www.tripadvisor.it\/Hotel_Review-g1214157-d4272088-Reviews-Casa_D_Artista-Sampieri_Scicli_Province_of_Ragusa_Sicily.html\"]}]}<\/script>\n<!-- \/ Yoast SEO plugin. -->","yoast_head_json":{"title":"Casazzurra - Casa d'Artista","robots":{"index":"index","follow":"follow","max-snippet":"max-snippet:-1","max-image-preview":"max-image-preview:large","max-video-preview":"max-video-preview:-1"},"canonical":"https:\/\/www.casadartistasampieri.it\/fr\/casa\/casazzurra\/","og_locale":"fr_FR","og_type":"article","og_title":"Casazzurra - Casa d'Artista","og_description":"Code CIR : 19088011C241265 Code CIN : IT088011C2HQ6SC8UV Situ\u00e9 via Monte San Michele, \u00e0 quelques pas de la plage de Sampieri, Casazzurra est un appartement spacieux et confortable, id\u00e9al pour des vacances en famille ou entre amis. Le grand patio int\u00e9rieur, am\u00e9nag\u00e9 avec go\u00fbt et dot\u00e9 d\u2019un coin cuisine ainsi que d\u2019une douche ext\u00e9rieure, invite [&hellip;]","og_url":"https:\/\/www.casadartistasampieri.it\/fr\/casa\/casazzurra\/","og_site_name":"Casa d'Artista","article_publisher":"https:\/\/www.facebook.com\/casadartistasampieri","article_modified_time":"2026-04-24T15:40:39+00:00","og_image":[{"width":1920,"height":600,"url":"https:\/\/www.casadartistasampieri.it\/wp-content\/uploads\/2024\/05\/Casa-dArtista-Sampieri-Casazzurra-Header.jpg","type":"image\/jpeg"}],"twitter_card":"summary_large_image","twitter_misc":{"Dur\u00e9e de lecture estim\u00e9e":"1 minute"},"schema":{"@context":"https:\/\/schema.org","@graph":[{"@type":"WebPage","@id":"https:\/\/www.casadartistasampieri.it\/fr\/casa\/casazzurra\/","url":"https:\/\/www.casadartistasampieri.it\/fr\/casa\/casazzurra\/","name":"Casazzurra - Casa d'Artista","isPartOf":{"@id":"https:\/\/www.casadartistasampieri.it\/fr\/#website"},"primaryImageOfPage":{"@id":"https:\/\/www.casadartistasampieri.it\/fr\/casa\/casazzurra\/#primaryimage"},"image":{"@id":"https:\/\/www.casadartistasampieri.it\/fr\/casa\/casazzurra\/#primaryimage"},"thumbnailUrl":"https:\/\/www.casadartistasampieri.it\/wp-content\/uploads\/2024\/05\/Casa-dArtista-Sampieri-Casazzurra-Header.jpg","datePublished":"2024-05-29T12:44:00+00:00","dateModified":"2026-04-24T15:40:39+00:00","breadcrumb":{"@id":"https:\/\/www.casadartistasampieri.it\/fr\/casa\/casazzurra\/#breadcrumb"},"inLanguage":"fr-FR","potentialAction":[{"@type":"ReadAction","target":["https:\/\/www.casadartistasampieri.it\/fr\/casa\/casazzurra\/"]}]},{"@type":"ImageObject","inLanguage":"fr-FR","@id":"https:\/\/www.casadartistasampieri.it\/fr\/casa\/casazzurra\/#primaryimage","url":"https:\/\/www.casadartistasampieri.it\/wp-content\/uploads\/2024\/05\/Casa-dArtista-Sampieri-Casazzurra-Header.jpg","contentUrl":"https:\/\/www.casadartistasampieri.it\/wp-content\/uploads\/2024\/05\/Casa-dArtista-Sampieri-Casazzurra-Header.jpg","width":1920,"height":600},{"@type":"BreadcrumbList","@id":"https:\/\/www.casadartistasampieri.it\/fr\/casa\/casazzurra\/#breadcrumb","itemListElement":[{"@type":"ListItem","position":1,"name":"Home","item":"https:\/\/www.casadartistasampieri.it\/fr\/"},{"@type":"ListItem","position":2,"name":"Produits","item":"https:\/\/www.casadartistasampieri.it\/fr\/shop\/"},{"@type":"ListItem","position":3,"name":"Casazzurra"}]},{"@type":"WebSite","@id":"https:\/\/www.casadartistasampieri.it\/fr\/#website","url":"https:\/\/www.casadartistasampieri.it\/fr\/","name":"Casa d'Artista","description":"","publisher":{"@id":"https:\/\/www.casadartistasampieri.it\/fr\/#organization"},"potentialAction":[{"@type":"SearchAction","target":{"@type":"EntryPoint","urlTemplate":"https:\/\/www.casadartistasampieri.it\/fr\/?s={search_term_string}"},"query-input":"required name=search_term_string"}],"inLanguage":"fr-FR"},{"@type":"Organization","@id":"https:\/\/www.casadartistasampieri.it\/fr\/#organization","name":"Casa d'Artista","url":"https:\/\/www.casadartistasampieri.it\/fr\/","logo":{"@type":"ImageObject","inLanguage":"fr-FR","@id":"https:\/\/www.casadartistasampieri.it\/fr\/#\/schema\/logo\/image\/","url":"https:\/\/www.casadartistasampieri.it\/wp-content\/uploads\/2024\/06\/Casa-dArtista-Sampieri.png","contentUrl":"https:\/\/www.casadartistasampieri.it\/wp-content\/uploads\/2024\/06\/Casa-dArtista-Sampieri.png","width":500,"height":253,"caption":"Casa d'Artista"},"image":{"@id":"https:\/\/www.casadartistasampieri.it\/fr\/#\/schema\/logo\/image\/"},"sameAs":["https:\/\/www.facebook.com\/casadartistasampieri","https:\/\/www.instagram.com\/casadartista\/","https:\/\/www.tripadvisor.it\/Hotel_Review-g1214157-d4272088-Reviews-Casa_D_Artista-Sampieri_Scicli_Province_of_Ragusa_Sicily.html"]}]}},"_links":{"self":[{"href":"https:\/\/www.casadartistasampieri.it\/fr\/wp-json\/wp\/v2\/product\/5600"}],"collection":[{"href":"https:\/\/www.casadartistasampieri.it\/fr\/wp-json\/wp\/v2\/product"}],"about":[{"href":"https:\/\/www.casadartistasampieri.it\/fr\/wp-json\/wp\/v2\/types\/product"}],"replies":[{"embeddable":true,"href":"https:\/\/www.casadartistasampieri.it\/fr\/wp-json\/wp\/v2\/comments?post=5600"}],"wp:featuredmedia":[{"embeddable":true,"href":"https:\/\/www.casadartistasampieri.it\/fr\/wp-json\/wp\/v2\/media\/4727"}],"wp:attachment":[{"href":"https:\/\/www.casadartistasampieri.it\/fr\/wp-json\/wp\/v2\/media?parent=5600"}],"wp:term":[{"taxonomy":"product_cat","embeddable":true,"href":"https:\/\/www.casadartistasampieri.it\/fr\/wp-json\/wp\/v2\/product_cat?post=5600"},{"taxonomy":"product_tag","embeddable":true,"href":"https:\/\/www.casadartistasampieri.it\/fr\/wp-json\/wp\/v2\/product_tag?post=5600"}],"curies":[{"name":"wp","href":"https:\/\/api.w.org\/{rel}","templated":true}]}}