{"id":5519,"date":"2024-05-29T09:44:44","date_gmt":"2024-05-29T07:44:44","guid":{"rendered":"https:\/\/www.casadartistasampieri.it\/pozzallo\/"},"modified":"2024-07-01T15:13:55","modified_gmt":"2024-07-01T13:13:55","slug":"pozzallo","status":"publish","type":"page","link":"https:\/\/www.casadartistasampieri.it\/es\/guia\/ragusa\/pozzallo\/","title":{"rendered":"Pozzallo"},"content":{"rendered":"\t\t<div data-elementor-type=\"wp-page\" data-elementor-id=\"5519\" class=\"elementor elementor-5519 elementor-3505\" data-elementor-post-type=\"page\">\n\t\t\t\t\t\t<section class=\"elementor-section elementor-top-section elementor-element elementor-element-b752b92 elementor-section-boxed elementor-section-height-default elementor-section-height-default\" data-id=\"b752b92\" data-element_type=\"section\">\n\t\t\t\t\t\t<div class=\"elementor-container elementor-column-gap-no\">\n\t\t\t\t\t<div class=\"elementor-column elementor-col-100 elementor-top-column elementor-element elementor-element-7f5dcf3\" data-id=\"7f5dcf3\" data-element_type=\"column\">\n\t\t\t<div class=\"elementor-widget-wrap elementor-element-populated\">\n\t\t\t\t\t\t<div class=\"elementor-element elementor-element-22e8bb0 elementor-widget elementor-widget-heading\" data-id=\"22e8bb0\" data-element_type=\"widget\" data-widget_type=\"heading.default\">\n\t\t\t\t<div class=\"elementor-widget-container\">\n\t\t\t<style>\/*! elementor - v3.22.0 - 26-06-2024 *\/\n.elementor-heading-title{padding:0;margin:0;line-height:1}.elementor-widget-heading .elementor-heading-title[class*=elementor-size-]>a{color:inherit;font-size:inherit;line-height:inherit}.elementor-widget-heading .elementor-heading-title.elementor-size-small{font-size:15px}.elementor-widget-heading .elementor-heading-title.elementor-size-medium{font-size:19px}.elementor-widget-heading .elementor-heading-title.elementor-size-large{font-size:29px}.elementor-widget-heading .elementor-heading-title.elementor-size-xl{font-size:39px}.elementor-widget-heading .elementor-heading-title.elementor-size-xxl{font-size:59px}<\/style><h5 class=\"elementor-heading-title elementor-size-default\">Casa d'Artista<\/h5>\t\t<\/div>\n\t\t\t\t<\/div>\n\t\t\t\t<div class=\"elementor-element elementor-element-a07ffe9 elementor-widget elementor-widget-text-editor\" data-id=\"a07ffe9\" data-element_type=\"widget\" data-widget_type=\"text-editor.default\">\n\t\t\t\t<div class=\"elementor-widget-container\">\n\t\t\t<style>\/*! elementor - v3.22.0 - 26-06-2024 *\/\n.elementor-widget-text-editor.elementor-drop-cap-view-stacked .elementor-drop-cap{background-color:#69727d;color:#fff}.elementor-widget-text-editor.elementor-drop-cap-view-framed .elementor-drop-cap{color:#69727d;border:3px solid;background-color:transparent}.elementor-widget-text-editor:not(.elementor-drop-cap-view-default) .elementor-drop-cap{margin-top:8px}.elementor-widget-text-editor:not(.elementor-drop-cap-view-default) .elementor-drop-cap-letter{width:1em;height:1em}.elementor-widget-text-editor .elementor-drop-cap{float:left;text-align:center;line-height:1;font-size:50px}.elementor-widget-text-editor .elementor-drop-cap-letter{display:inline-block}<\/style>\t\t\t\t<p class=\"first-token\" data-sourcepos=\"1:1-1:122\"><strong>Pozzallo<\/strong>, joya de la costa sureste de Sicilia, recibe al visitante con playas doradas ba\u00f1adas por un mar cristalino y un centro hist\u00f3rico rico en historia y cultura.<\/p>\n<p data-sourcepos=\"3:1-3:77\">Sum\u00e9rjase en el encanto del casco antiguo, paseando por pintorescas callejuelas y admirando el imponente castillo aragon\u00e9s. Disfrute del relax de playas equipadas o avent\u00farese en calas v\u00edrgenes.<\/p>\n<p data-sourcepos=\"5:1-5:105\">Descubra los sabores t\u00edpicos de la cocina mediterr\u00e1nea y d\u00e9jese seducir por la c\u00e1lida hospitalidad siciliana.<\/p>\n\t\t\t\t\t\t<\/div>\n\t\t\t\t<\/div>\n\t\t\t\t\t<\/div>\n\t\t<\/div>\n\t\t\t\t\t<\/div>\n\t\t<\/section>\n\t\t\t\t<section class=\"elementor-section elementor-top-section elementor-element elementor-element-a9cafd1 elementor-section-boxed elementor-section-height-default elementor-section-height-default\" data-id=\"a9cafd1\" data-element_type=\"section\" data-settings=\"{&quot;background_background&quot;:&quot;classic&quot;}\">\n\t\t\t\t\t\t<div class=\"elementor-container elementor-column-gap-no\">\n\t\t\t\t\t<div class=\"elementor-column elementor-col-100 elementor-top-column elementor-element elementor-element-0434384\" data-id=\"0434384\" data-element_type=\"column\">\n\t\t\t<div class=\"elementor-widget-wrap elementor-element-populated\">\n\t\t\t\t\t\t<div class=\"elementor-element elementor-element-f6859ab elementor-widget elementor-widget-romancy_elementor_heading\" data-id=\"f6859ab\" data-element_type=\"widget\" data-widget_type=\"romancy_elementor_heading.default\">\n\t\t\t\t<div class=\"elementor-widget-container\">\n\t\t\t\t\t<div class=\"ova-title\">\n\n\t\t\t\t\t\t\t<h3 class=\"sub-title\">Pozzallo (RG)<\/h3>\n\t\t\t\n\t\t\t\t\t\t\t\n\t\t\t\t\t\t\t<h3 class=\"title\">\n\n\t\t\t\t\t\t\t\tD\u00f3nde comer y beber\t\t\t\t\t\t\t\t \n\n\t\t\t\t\t\t\t<\/h3>\n\t\t\t\t\t\t\t\n\t\t\t\n\t\t<\/div> \n\t\t \t\n\t\t\t\t<\/div>\n\t\t\t\t<\/div>\n\t\t<div class=\"elementor-element elementor-element-ff89369 e-grid restaurant-list e-con-boxed e-con e-parent\" data-id=\"ff89369\" data-element_type=\"container\">\n\t\t\t\t\t<div class=\"e-con-inner\">\n\t\t\t\t<div class=\"elementor-element elementor-element-9ca72d7 elementor-widget elementor-widget-romancy_elementor_contact_info\" data-id=\"9ca72d7\" data-element_type=\"widget\" data-widget_type=\"romancy_elementor_contact_info.default\">\n\t\t\t\t<div class=\"elementor-widget-container\">\n\t\t\t\n\t\t\t<div class=\"ova-contact-info\">\n\t\t\t\t\n\t\t\t\t\t\t\t\t\t<div class=\"icon\">\n\t\t\t\t\t\t<svg aria-hidden=\"true\" class=\"e-font-icon-svg e-fas-map-pin\" viewBox=\"0 0 288 512\" xmlns=\"http:\/\/www.w3.org\/2000\/svg\"><path d=\"M112 316.94v156.69l22.02 33.02c4.75 7.12 15.22 7.12 19.97 0L176 473.63V316.94c-10.39 1.92-21.06 3.06-32 3.06s-21.61-1.14-32-3.06zM144 0C64.47 0 0 64.47 0 144s64.47 144 144 144 144-64.47 144-144S223.53 0 144 0zm0 76c-37.5 0-68 30.5-68 68 0 6.62-5.38 12-12 12s-12-5.38-12-12c0-50.73 41.28-92 92-92 6.62 0 12 5.38 12 12s-5.38 12-12 12z\"><\/path><\/svg>\t\t\t\t\t<\/div>\t\n\t\t\t\t\t\t\t\t\n\n\t\t\t\t<div class=\"contact\">\n\t\t\t\t\t\n\t\t\t\t\t\t\t\t\t\t\t<div class=\"label\">\n\t\t\t\t\t\t\tTonno Rosso (Via Venezia, 2)\t\t\t\t\t\t<\/div>\n\t\t\t\t\t\n\t\t\t\t\t<ul class=\"info\">\n\t\t\t\t\t\t\n\t\t\t\t\t\t\t\t<li class=\"item\">\n\n\t\t\t\t\t\t\t\t\t\t\t\t\t\t\t\t\t\t\t\t\tRestaurante con cocina mediterra\u0301nea y especialidades de pescado. \t\t\t\t\t\t\t\t\t\t\t\t\t\t\t\t\t\t\t<\/li>\n\t\t\t\t\t\t\t\n\t\t\t\t\t\t\t\t\t\t\t<\/ul>\n\n\t\t\t\t<\/div>\n\n\t\t\t<\/div>\n\n\t\t\t\t<\/div>\n\t\t\t\t<\/div>\n\t\t\t\t\t<\/div>\n\t\t\t\t<\/div>\n\t\t\t\t\t<\/div>\n\t\t<\/div>\n\t\t\t\t\t<\/div>\n\t\t<\/section>\n\t\t\t\t<\/div>\n\t\t","protected":false},"excerpt":{"rendered":"<p>Pozzallo, joya de la costa sureste de Sicilia, recibe al visitante con playas doradas ba\u00f1adas por un mar cristalino y un centro hist\u00f3rico rico en historia y cultura. Sum\u00e9rjase en el encanto del casco antiguo, paseando por pintorescas callejuelas y admirando el imponente castillo aragon\u00e9s. Disfrute del relax de playas equipadas o avent\u00farese en calas [&hellip;]<\/p>\n","protected":false},"author":1,"featured_media":4709,"parent":5525,"menu_order":0,"comment_status":"closed","ping_status":"closed","template":"elementor_header_footer","meta":{"_acf_changed":false,"footnotes":""},"acf":[],"yoast_head":"<!-- This site is optimized with the Yoast SEO plugin v23.1 - https:\/\/yoast.com\/wordpress\/plugins\/seo\/ -->\n<title>Pozzallo - Casa d&#039;Artista<\/title>\n<meta name=\"robots\" content=\"index, follow, max-snippet:-1, max-image-preview:large, max-video-preview:-1\" \/>\n<link rel=\"canonical\" href=\"https:\/\/www.casadartistasampieri.it\/es\/guia\/ragusa\/pozzallo\/\" \/>\n<meta property=\"og:locale\" content=\"es_ES\" \/>\n<meta property=\"og:type\" content=\"article\" \/>\n<meta property=\"og:title\" content=\"Pozzallo - Casa d&#039;Artista\" \/>\n<meta property=\"og:description\" content=\"Pozzallo, joya de la costa sureste de Sicilia, recibe al visitante con playas doradas ba\u00f1adas por un mar cristalino y un centro hist\u00f3rico rico en historia y cultura. Sum\u00e9rjase en el encanto del casco antiguo, paseando por pintorescas callejuelas y admirando el imponente castillo aragon\u00e9s. Disfrute del relax de playas equipadas o avent\u00farese en calas [&hellip;]\" \/>\n<meta property=\"og:url\" content=\"https:\/\/www.casadartistasampieri.it\/es\/guia\/ragusa\/pozzallo\/\" \/>\n<meta property=\"og:site_name\" content=\"Casa d&#039;Artista\" \/>\n<meta property=\"article:publisher\" content=\"https:\/\/www.facebook.com\/casadartistasampieri\" \/>\n<meta property=\"article:modified_time\" content=\"2024-07-01T13:13:55+00:00\" \/>\n<meta property=\"og:image\" content=\"https:\/\/www.casadartistasampieri.it\/wp-content\/uploads\/2024\/05\/Casa-dArtista-Sampieri-La-Guida-Ragusa-Pozzallo-Header.jpg\" \/>\n\t<meta property=\"og:image:width\" content=\"1920\" \/>\n\t<meta property=\"og:image:height\" content=\"500\" \/>\n\t<meta property=\"og:image:type\" content=\"image\/jpeg\" \/>\n<meta name=\"twitter:card\" content=\"summary_large_image\" \/>\n<meta name=\"twitter:label1\" content=\"Tiempo de lectura\" \/>\n\t<meta name=\"twitter:data1\" content=\"1 minuto\" \/>\n<script type=\"application\/ld+json\" class=\"yoast-schema-graph\">{\"@context\":\"https:\/\/schema.org\",\"@graph\":[{\"@type\":\"WebPage\",\"@id\":\"https:\/\/www.casadartistasampieri.it\/es\/guia\/ragusa\/pozzallo\/\",\"url\":\"https:\/\/www.casadartistasampieri.it\/es\/guia\/ragusa\/pozzallo\/\",\"name\":\"Pozzallo - Casa d'Artista\",\"isPartOf\":{\"@id\":\"https:\/\/www.casadartistasampieri.it\/es\/#website\"},\"primaryImageOfPage\":{\"@id\":\"https:\/\/www.casadartistasampieri.it\/es\/guia\/ragusa\/pozzallo\/#primaryimage\"},\"image\":{\"@id\":\"https:\/\/www.casadartistasampieri.it\/es\/guia\/ragusa\/pozzallo\/#primaryimage\"},\"thumbnailUrl\":\"https:\/\/www.casadartistasampieri.it\/wp-content\/uploads\/2024\/05\/Casa-dArtista-Sampieri-La-Guida-Ragusa-Pozzallo-Header.jpg\",\"datePublished\":\"2024-05-29T07:44:44+00:00\",\"dateModified\":\"2024-07-01T13:13:55+00:00\",\"breadcrumb\":{\"@id\":\"https:\/\/www.casadartistasampieri.it\/es\/guia\/ragusa\/pozzallo\/#breadcrumb\"},\"inLanguage\":\"es\",\"potentialAction\":[{\"@type\":\"ReadAction\",\"target\":[\"https:\/\/www.casadartistasampieri.it\/es\/guia\/ragusa\/pozzallo\/\"]}]},{\"@type\":\"ImageObject\",\"inLanguage\":\"es\",\"@id\":\"https:\/\/www.casadartistasampieri.it\/es\/guia\/ragusa\/pozzallo\/#primaryimage\",\"url\":\"https:\/\/www.casadartistasampieri.it\/wp-content\/uploads\/2024\/05\/Casa-dArtista-Sampieri-La-Guida-Ragusa-Pozzallo-Header.jpg\",\"contentUrl\":\"https:\/\/www.casadartistasampieri.it\/wp-content\/uploads\/2024\/05\/Casa-dArtista-Sampieri-La-Guida-Ragusa-Pozzallo-Header.jpg\",\"width\":1920,\"height\":500},{\"@type\":\"BreadcrumbList\",\"@id\":\"https:\/\/www.casadartistasampieri.it\/es\/guia\/ragusa\/pozzallo\/#breadcrumb\",\"itemListElement\":[{\"@type\":\"ListItem\",\"position\":1,\"name\":\"Home\",\"item\":\"https:\/\/www.casadartistasampieri.it\/es\/\"},{\"@type\":\"ListItem\",\"position\":2,\"name\":\"Gu\u00eda\",\"item\":\"https:\/\/www.casadartistasampieri.it\/es\/guia\/\"},{\"@type\":\"ListItem\",\"position\":3,\"name\":\"Ragusa\",\"item\":\"https:\/\/www.casadartistasampieri.it\/es\/guia\/ragusa\/\"},{\"@type\":\"ListItem\",\"position\":4,\"name\":\"Pozzallo\"}]},{\"@type\":\"WebSite\",\"@id\":\"https:\/\/www.casadartistasampieri.it\/es\/#website\",\"url\":\"https:\/\/www.casadartistasampieri.it\/es\/\",\"name\":\"Casa d'Artista\",\"description\":\"\",\"publisher\":{\"@id\":\"https:\/\/www.casadartistasampieri.it\/es\/#organization\"},\"potentialAction\":[{\"@type\":\"SearchAction\",\"target\":{\"@type\":\"EntryPoint\",\"urlTemplate\":\"https:\/\/www.casadartistasampieri.it\/es\/?s={search_term_string}\"},\"query-input\":\"required name=search_term_string\"}],\"inLanguage\":\"es\"},{\"@type\":\"Organization\",\"@id\":\"https:\/\/www.casadartistasampieri.it\/es\/#organization\",\"name\":\"Casa d'Artista\",\"url\":\"https:\/\/www.casadartistasampieri.it\/es\/\",\"logo\":{\"@type\":\"ImageObject\",\"inLanguage\":\"es\",\"@id\":\"https:\/\/www.casadartistasampieri.it\/es\/#\/schema\/logo\/image\/\",\"url\":\"https:\/\/www.casadartistasampieri.it\/wp-content\/uploads\/2024\/06\/Casa-dArtista-Sampieri.png\",\"contentUrl\":\"https:\/\/www.casadartistasampieri.it\/wp-content\/uploads\/2024\/06\/Casa-dArtista-Sampieri.png\",\"width\":500,\"height\":253,\"caption\":\"Casa d'Artista\"},\"image\":{\"@id\":\"https:\/\/www.casadartistasampieri.it\/es\/#\/schema\/logo\/image\/\"},\"sameAs\":[\"https:\/\/www.facebook.com\/casadartistasampieri\",\"https:\/\/www.instagram.com\/casadartista\/\",\"https:\/\/www.tripadvisor.it\/Hotel_Review-g1214157-d4272088-Reviews-Casa_D_Artista-Sampieri_Scicli_Province_of_Ragusa_Sicily.html\"]}]}<\/script>\n<!-- \/ Yoast SEO plugin. -->","yoast_head_json":{"title":"Pozzallo - Casa d'Artista","robots":{"index":"index","follow":"follow","max-snippet":"max-snippet:-1","max-image-preview":"max-image-preview:large","max-video-preview":"max-video-preview:-1"},"canonical":"https:\/\/www.casadartistasampieri.it\/es\/guia\/ragusa\/pozzallo\/","og_locale":"es_ES","og_type":"article","og_title":"Pozzallo - Casa d'Artista","og_description":"Pozzallo, joya de la costa sureste de Sicilia, recibe al visitante con playas doradas ba\u00f1adas por un mar cristalino y un centro hist\u00f3rico rico en historia y cultura. Sum\u00e9rjase en el encanto del casco antiguo, paseando por pintorescas callejuelas y admirando el imponente castillo aragon\u00e9s. Disfrute del relax de playas equipadas o avent\u00farese en calas [&hellip;]","og_url":"https:\/\/www.casadartistasampieri.it\/es\/guia\/ragusa\/pozzallo\/","og_site_name":"Casa d'Artista","article_publisher":"https:\/\/www.facebook.com\/casadartistasampieri","article_modified_time":"2024-07-01T13:13:55+00:00","og_image":[{"width":1920,"height":500,"url":"https:\/\/www.casadartistasampieri.it\/wp-content\/uploads\/2024\/05\/Casa-dArtista-Sampieri-La-Guida-Ragusa-Pozzallo-Header.jpg","type":"image\/jpeg"}],"twitter_card":"summary_large_image","twitter_misc":{"Tiempo de lectura":"1 minuto"},"schema":{"@context":"https:\/\/schema.org","@graph":[{"@type":"WebPage","@id":"https:\/\/www.casadartistasampieri.it\/es\/guia\/ragusa\/pozzallo\/","url":"https:\/\/www.casadartistasampieri.it\/es\/guia\/ragusa\/pozzallo\/","name":"Pozzallo - Casa d'Artista","isPartOf":{"@id":"https:\/\/www.casadartistasampieri.it\/es\/#website"},"primaryImageOfPage":{"@id":"https:\/\/www.casadartistasampieri.it\/es\/guia\/ragusa\/pozzallo\/#primaryimage"},"image":{"@id":"https:\/\/www.casadartistasampieri.it\/es\/guia\/ragusa\/pozzallo\/#primaryimage"},"thumbnailUrl":"https:\/\/www.casadartistasampieri.it\/wp-content\/uploads\/2024\/05\/Casa-dArtista-Sampieri-La-Guida-Ragusa-Pozzallo-Header.jpg","datePublished":"2024-05-29T07:44:44+00:00","dateModified":"2024-07-01T13:13:55+00:00","breadcrumb":{"@id":"https:\/\/www.casadartistasampieri.it\/es\/guia\/ragusa\/pozzallo\/#breadcrumb"},"inLanguage":"es","potentialAction":[{"@type":"ReadAction","target":["https:\/\/www.casadartistasampieri.it\/es\/guia\/ragusa\/pozzallo\/"]}]},{"@type":"ImageObject","inLanguage":"es","@id":"https:\/\/www.casadartistasampieri.it\/es\/guia\/ragusa\/pozzallo\/#primaryimage","url":"https:\/\/www.casadartistasampieri.it\/wp-content\/uploads\/2024\/05\/Casa-dArtista-Sampieri-La-Guida-Ragusa-Pozzallo-Header.jpg","contentUrl":"https:\/\/www.casadartistasampieri.it\/wp-content\/uploads\/2024\/05\/Casa-dArtista-Sampieri-La-Guida-Ragusa-Pozzallo-Header.jpg","width":1920,"height":500},{"@type":"BreadcrumbList","@id":"https:\/\/www.casadartistasampieri.it\/es\/guia\/ragusa\/pozzallo\/#breadcrumb","itemListElement":[{"@type":"ListItem","position":1,"name":"Home","item":"https:\/\/www.casadartistasampieri.it\/es\/"},{"@type":"ListItem","position":2,"name":"Gu\u00eda","item":"https:\/\/www.casadartistasampieri.it\/es\/guia\/"},{"@type":"ListItem","position":3,"name":"Ragusa","item":"https:\/\/www.casadartistasampieri.it\/es\/guia\/ragusa\/"},{"@type":"ListItem","position":4,"name":"Pozzallo"}]},{"@type":"WebSite","@id":"https:\/\/www.casadartistasampieri.it\/es\/#website","url":"https:\/\/www.casadartistasampieri.it\/es\/","name":"Casa d'Artista","description":"","publisher":{"@id":"https:\/\/www.casadartistasampieri.it\/es\/#organization"},"potentialAction":[{"@type":"SearchAction","target":{"@type":"EntryPoint","urlTemplate":"https:\/\/www.casadartistasampieri.it\/es\/?s={search_term_string}"},"query-input":"required name=search_term_string"}],"inLanguage":"es"},{"@type":"Organization","@id":"https:\/\/www.casadartistasampieri.it\/es\/#organization","name":"Casa d'Artista","url":"https:\/\/www.casadartistasampieri.it\/es\/","logo":{"@type":"ImageObject","inLanguage":"es","@id":"https:\/\/www.casadartistasampieri.it\/es\/#\/schema\/logo\/image\/","url":"https:\/\/www.casadartistasampieri.it\/wp-content\/uploads\/2024\/06\/Casa-dArtista-Sampieri.png","contentUrl":"https:\/\/www.casadartistasampieri.it\/wp-content\/uploads\/2024\/06\/Casa-dArtista-Sampieri.png","width":500,"height":253,"caption":"Casa d'Artista"},"image":{"@id":"https:\/\/www.casadartistasampieri.it\/es\/#\/schema\/logo\/image\/"},"sameAs":["https:\/\/www.facebook.com\/casadartistasampieri","https:\/\/www.instagram.com\/casadartista\/","https:\/\/www.tripadvisor.it\/Hotel_Review-g1214157-d4272088-Reviews-Casa_D_Artista-Sampieri_Scicli_Province_of_Ragusa_Sicily.html"]}]}},"_links":{"self":[{"href":"https:\/\/www.casadartistasampieri.it\/es\/wp-json\/wp\/v2\/pages\/5519"}],"collection":[{"href":"https:\/\/www.casadartistasampieri.it\/es\/wp-json\/wp\/v2\/pages"}],"about":[{"href":"https:\/\/www.casadartistasampieri.it\/es\/wp-json\/wp\/v2\/types\/page"}],"author":[{"embeddable":true,"href":"https:\/\/www.casadartistasampieri.it\/es\/wp-json\/wp\/v2\/users\/1"}],"replies":[{"embeddable":true,"href":"https:\/\/www.casadartistasampieri.it\/es\/wp-json\/wp\/v2\/comments?post=5519"}],"version-history":[{"count":4,"href":"https:\/\/www.casadartistasampieri.it\/es\/wp-json\/wp\/v2\/pages\/5519\/revisions"}],"predecessor-version":[{"id":5562,"href":"https:\/\/www.casadartistasampieri.it\/es\/wp-json\/wp\/v2\/pages\/5519\/revisions\/5562"}],"up":[{"embeddable":true,"href":"https:\/\/www.casadartistasampieri.it\/es\/wp-json\/wp\/v2\/pages\/5525"}],"wp:featuredmedia":[{"embeddable":true,"href":"https:\/\/www.casadartistasampieri.it\/es\/wp-json\/wp\/v2\/media\/4709"}],"wp:attachment":[{"href":"https:\/\/www.casadartistasampieri.it\/es\/wp-json\/wp\/v2\/media?parent=5519"}],"curies":[{"name":"wp","href":"https:\/\/api.w.org\/{rel}","templated":true}]}}