{"id":5609,"date":"2024-05-29T17:42:19","date_gmt":"2024-05-29T15:42:19","guid":{"rendered":"https:\/\/www.casadartistasampieri.it\/casa\/casa-di-pietra\/"},"modified":"2026-04-27T09:31:44","modified_gmt":"2026-04-27T07:31:44","slug":"casa-di-pietra","status":"publish","type":"product","link":"https:\/\/www.casadartistasampieri.it\/de\/casa\/casa-di-pietra\/","title":{"rendered":"Casa di Pietra"},"content":{"rendered":"<p>CIR CODE:19088011C241264<br \/>\nCIN CODE: *IT088011C2HSGG7HZU *<\/p>\n<p>Nur wenige Meter vom Strand in Sampieri entfernt, im ersten Stock einer ruhigen Stra\u00dfe parallel zur Strandpromenade, bietet Casa di Pietra einen komfortablen Aufenthalt mit Panoramablick. Die Wohnung ist \u00fcber eine reizvolle Steintreppe erreichbar und bietet ein helles Wohnzimmer mit Doppelbett, kompletter K\u00fcchenzeile, Esstisch und Fernseher. Ein automatisches Velux-Fenster und ein Deckenventilator sorgen f\u00fcr angenehme K\u00fchle. Eine Warm-\/Kalt-Klimaanlage reguliert die Innentemperatur. Der Wohnbereich f\u00fchrt zu einem netten kleinen Zimmer mit einem Etagenbett, ideal f\u00fcr Kinder. Das Badezimmer ist mit Dusche, Waschbecken, Bidet, Toilette, Waschmaschine und Haartrockner ausgestattet. Eine kleine Terrasse mit Tisch und St\u00fchlen f\u00fcr vier Personen l\u00e4dt zum Entspannen an der frischen Luft und zum Genie\u00dfen des Meerblicks ein. Die Wohnung ist mit Haushaltsw\u00e4sche, Handt\u00fcchern und Strandzubeh\u00f6r ausgestattet. Kinderbetten, Spiele und Ausr\u00fcstungen sind ebenfalls vorhanden, um den Aufenthalt f\u00fcr Familien noch angenehmer zu gestalten. Die von der Eigent\u00fcmerin geschaffenen Kunstwerke und Einrichtungsgegenst\u00e4nde verleihen dem Zimmer eine einzigartige und pers\u00f6nliche Note.<\/p>\n","protected":false},"excerpt":{"rendered":"<p>CIR CODE:19088011C241264 CIN CODE: *IT088011C2HSGG7HZU * Nur wenige Meter vom Strand in Sampieri entfernt, im ersten Stock einer ruhigen Stra\u00dfe parallel zur Strandpromenade, bietet Casa di Pietra einen komfortablen Aufenthalt mit Panoramablick. Die Wohnung ist \u00fcber eine reizvolle Steintreppe erreichbar und bietet ein helles Wohnzimmer mit Doppelbett, kompletter K\u00fcchenzeile, Esstisch und Fernseher. Ein automatisches Velux-Fenster [&hellip;]<\/p>\n","protected":false},"featured_media":5929,"comment_status":"open","ping_status":"closed","template":"","meta":{"_acf_changed":false},"product_cat":[60],"product_tag":[],"acf":[],"yoast_head":"<!-- This site is optimized with the Yoast SEO plugin v23.1 - https:\/\/yoast.com\/wordpress\/plugins\/seo\/ -->\n<title>Casa di Pietra - Casa d&#039;Artista<\/title>\n<meta name=\"robots\" content=\"index, follow, max-snippet:-1, max-image-preview:large, max-video-preview:-1\" \/>\n<link rel=\"canonical\" href=\"https:\/\/www.casadartistasampieri.it\/de\/casa\/casa-di-pietra\/\" \/>\n<meta property=\"og:locale\" content=\"de_DE\" \/>\n<meta property=\"og:type\" content=\"article\" \/>\n<meta property=\"og:title\" content=\"Casa di Pietra - Casa d&#039;Artista\" \/>\n<meta property=\"og:description\" content=\"CIR CODE:19088011C241264 CIN CODE: *IT088011C2HSGG7HZU * Nur wenige Meter vom Strand in Sampieri entfernt, im ersten Stock einer ruhigen Stra\u00dfe parallel zur Strandpromenade, bietet Casa di Pietra einen komfortablen Aufenthalt mit Panoramablick. Die Wohnung ist \u00fcber eine reizvolle Steintreppe erreichbar und bietet ein helles Wohnzimmer mit Doppelbett, kompletter K\u00fcchenzeile, Esstisch und Fernseher. Ein automatisches Velux-Fenster [&hellip;]\" \/>\n<meta property=\"og:url\" content=\"https:\/\/www.casadartistasampieri.it\/de\/casa\/casa-di-pietra\/\" \/>\n<meta property=\"og:site_name\" content=\"Casa d&#039;Artista\" \/>\n<meta property=\"article:publisher\" content=\"https:\/\/www.facebook.com\/casadartistasampieri\" \/>\n<meta property=\"article:modified_time\" content=\"2026-04-27T07:31:44+00:00\" \/>\n<meta property=\"og:image\" content=\"https:\/\/www.casadartistasampieri.it\/wp-content\/uploads\/2024\/05\/letto-casa-pietra-edit.jpg\" \/>\n\t<meta property=\"og:image:width\" content=\"1920\" \/>\n\t<meta property=\"og:image:height\" content=\"1357\" \/>\n\t<meta property=\"og:image:type\" content=\"image\/jpeg\" \/>\n<meta name=\"twitter:card\" content=\"summary_large_image\" \/>\n<meta name=\"twitter:label1\" content=\"Gesch\u00e4tzte Lesezeit\" \/>\n\t<meta name=\"twitter:data1\" content=\"2\u00a0Minuten\" \/>\n<script type=\"application\/ld+json\" class=\"yoast-schema-graph\">{\"@context\":\"https:\/\/schema.org\",\"@graph\":[{\"@type\":\"WebPage\",\"@id\":\"https:\/\/www.casadartistasampieri.it\/de\/casa\/casa-di-pietra\/\",\"url\":\"https:\/\/www.casadartistasampieri.it\/de\/casa\/casa-di-pietra\/\",\"name\":\"Casa di Pietra - Casa d'Artista\",\"isPartOf\":{\"@id\":\"https:\/\/www.casadartistasampieri.it\/de\/#website\"},\"primaryImageOfPage\":{\"@id\":\"https:\/\/www.casadartistasampieri.it\/de\/casa\/casa-di-pietra\/#primaryimage\"},\"image\":{\"@id\":\"https:\/\/www.casadartistasampieri.it\/de\/casa\/casa-di-pietra\/#primaryimage\"},\"thumbnailUrl\":\"https:\/\/www.casadartistasampieri.it\/wp-content\/uploads\/2024\/05\/letto-casa-pietra-edit.jpg\",\"datePublished\":\"2024-05-29T15:42:19+00:00\",\"dateModified\":\"2026-04-27T07:31:44+00:00\",\"breadcrumb\":{\"@id\":\"https:\/\/www.casadartistasampieri.it\/de\/casa\/casa-di-pietra\/#breadcrumb\"},\"inLanguage\":\"de\",\"potentialAction\":[{\"@type\":\"ReadAction\",\"target\":[\"https:\/\/www.casadartistasampieri.it\/de\/casa\/casa-di-pietra\/\"]}]},{\"@type\":\"ImageObject\",\"inLanguage\":\"de\",\"@id\":\"https:\/\/www.casadartistasampieri.it\/de\/casa\/casa-di-pietra\/#primaryimage\",\"url\":\"https:\/\/www.casadartistasampieri.it\/wp-content\/uploads\/2024\/05\/letto-casa-pietra-edit.jpg\",\"contentUrl\":\"https:\/\/www.casadartistasampieri.it\/wp-content\/uploads\/2024\/05\/letto-casa-pietra-edit.jpg\",\"width\":1920,\"height\":1357},{\"@type\":\"BreadcrumbList\",\"@id\":\"https:\/\/www.casadartistasampieri.it\/de\/casa\/casa-di-pietra\/#breadcrumb\",\"itemListElement\":[{\"@type\":\"ListItem\",\"position\":1,\"name\":\"Home\",\"item\":\"https:\/\/www.casadartistasampieri.it\/de\/\"},{\"@type\":\"ListItem\",\"position\":2,\"name\":\"Produkte\",\"item\":\"https:\/\/www.casadartistasampieri.it\/de\/shop\/\"},{\"@type\":\"ListItem\",\"position\":3,\"name\":\"Casa di Pietra\"}]},{\"@type\":\"WebSite\",\"@id\":\"https:\/\/www.casadartistasampieri.it\/de\/#website\",\"url\":\"https:\/\/www.casadartistasampieri.it\/de\/\",\"name\":\"Casa d'Artista\",\"description\":\"\",\"publisher\":{\"@id\":\"https:\/\/www.casadartistasampieri.it\/de\/#organization\"},\"potentialAction\":[{\"@type\":\"SearchAction\",\"target\":{\"@type\":\"EntryPoint\",\"urlTemplate\":\"https:\/\/www.casadartistasampieri.it\/de\/?s={search_term_string}\"},\"query-input\":\"required name=search_term_string\"}],\"inLanguage\":\"de\"},{\"@type\":\"Organization\",\"@id\":\"https:\/\/www.casadartistasampieri.it\/de\/#organization\",\"name\":\"Casa d'Artista\",\"url\":\"https:\/\/www.casadartistasampieri.it\/de\/\",\"logo\":{\"@type\":\"ImageObject\",\"inLanguage\":\"de\",\"@id\":\"https:\/\/www.casadartistasampieri.it\/de\/#\/schema\/logo\/image\/\",\"url\":\"https:\/\/www.casadartistasampieri.it\/wp-content\/uploads\/2024\/06\/Casa-dArtista-Sampieri.png\",\"contentUrl\":\"https:\/\/www.casadartistasampieri.it\/wp-content\/uploads\/2024\/06\/Casa-dArtista-Sampieri.png\",\"width\":500,\"height\":253,\"caption\":\"Casa d'Artista\"},\"image\":{\"@id\":\"https:\/\/www.casadartistasampieri.it\/de\/#\/schema\/logo\/image\/\"},\"sameAs\":[\"https:\/\/www.facebook.com\/casadartistasampieri\",\"https:\/\/www.instagram.com\/casadartista\/\",\"https:\/\/www.tripadvisor.it\/Hotel_Review-g1214157-d4272088-Reviews-Casa_D_Artista-Sampieri_Scicli_Province_of_Ragusa_Sicily.html\"]}]}<\/script>\n<!-- \/ Yoast SEO plugin. -->","yoast_head_json":{"title":"Casa di Pietra - Casa d'Artista","robots":{"index":"index","follow":"follow","max-snippet":"max-snippet:-1","max-image-preview":"max-image-preview:large","max-video-preview":"max-video-preview:-1"},"canonical":"https:\/\/www.casadartistasampieri.it\/de\/casa\/casa-di-pietra\/","og_locale":"de_DE","og_type":"article","og_title":"Casa di Pietra - Casa d'Artista","og_description":"CIR CODE:19088011C241264 CIN CODE: *IT088011C2HSGG7HZU * Nur wenige Meter vom Strand in Sampieri entfernt, im ersten Stock einer ruhigen Stra\u00dfe parallel zur Strandpromenade, bietet Casa di Pietra einen komfortablen Aufenthalt mit Panoramablick. Die Wohnung ist \u00fcber eine reizvolle Steintreppe erreichbar und bietet ein helles Wohnzimmer mit Doppelbett, kompletter K\u00fcchenzeile, Esstisch und Fernseher. Ein automatisches Velux-Fenster [&hellip;]","og_url":"https:\/\/www.casadartistasampieri.it\/de\/casa\/casa-di-pietra\/","og_site_name":"Casa d'Artista","article_publisher":"https:\/\/www.facebook.com\/casadartistasampieri","article_modified_time":"2026-04-27T07:31:44+00:00","og_image":[{"width":1920,"height":1357,"url":"https:\/\/www.casadartistasampieri.it\/wp-content\/uploads\/2024\/05\/letto-casa-pietra-edit.jpg","type":"image\/jpeg"}],"twitter_card":"summary_large_image","twitter_misc":{"Gesch\u00e4tzte Lesezeit":"2\u00a0Minuten"},"schema":{"@context":"https:\/\/schema.org","@graph":[{"@type":"WebPage","@id":"https:\/\/www.casadartistasampieri.it\/de\/casa\/casa-di-pietra\/","url":"https:\/\/www.casadartistasampieri.it\/de\/casa\/casa-di-pietra\/","name":"Casa di Pietra - Casa d'Artista","isPartOf":{"@id":"https:\/\/www.casadartistasampieri.it\/de\/#website"},"primaryImageOfPage":{"@id":"https:\/\/www.casadartistasampieri.it\/de\/casa\/casa-di-pietra\/#primaryimage"},"image":{"@id":"https:\/\/www.casadartistasampieri.it\/de\/casa\/casa-di-pietra\/#primaryimage"},"thumbnailUrl":"https:\/\/www.casadartistasampieri.it\/wp-content\/uploads\/2024\/05\/letto-casa-pietra-edit.jpg","datePublished":"2024-05-29T15:42:19+00:00","dateModified":"2026-04-27T07:31:44+00:00","breadcrumb":{"@id":"https:\/\/www.casadartistasampieri.it\/de\/casa\/casa-di-pietra\/#breadcrumb"},"inLanguage":"de","potentialAction":[{"@type":"ReadAction","target":["https:\/\/www.casadartistasampieri.it\/de\/casa\/casa-di-pietra\/"]}]},{"@type":"ImageObject","inLanguage":"de","@id":"https:\/\/www.casadartistasampieri.it\/de\/casa\/casa-di-pietra\/#primaryimage","url":"https:\/\/www.casadartistasampieri.it\/wp-content\/uploads\/2024\/05\/letto-casa-pietra-edit.jpg","contentUrl":"https:\/\/www.casadartistasampieri.it\/wp-content\/uploads\/2024\/05\/letto-casa-pietra-edit.jpg","width":1920,"height":1357},{"@type":"BreadcrumbList","@id":"https:\/\/www.casadartistasampieri.it\/de\/casa\/casa-di-pietra\/#breadcrumb","itemListElement":[{"@type":"ListItem","position":1,"name":"Home","item":"https:\/\/www.casadartistasampieri.it\/de\/"},{"@type":"ListItem","position":2,"name":"Produkte","item":"https:\/\/www.casadartistasampieri.it\/de\/shop\/"},{"@type":"ListItem","position":3,"name":"Casa di Pietra"}]},{"@type":"WebSite","@id":"https:\/\/www.casadartistasampieri.it\/de\/#website","url":"https:\/\/www.casadartistasampieri.it\/de\/","name":"Casa d'Artista","description":"","publisher":{"@id":"https:\/\/www.casadartistasampieri.it\/de\/#organization"},"potentialAction":[{"@type":"SearchAction","target":{"@type":"EntryPoint","urlTemplate":"https:\/\/www.casadartistasampieri.it\/de\/?s={search_term_string}"},"query-input":"required name=search_term_string"}],"inLanguage":"de"},{"@type":"Organization","@id":"https:\/\/www.casadartistasampieri.it\/de\/#organization","name":"Casa d'Artista","url":"https:\/\/www.casadartistasampieri.it\/de\/","logo":{"@type":"ImageObject","inLanguage":"de","@id":"https:\/\/www.casadartistasampieri.it\/de\/#\/schema\/logo\/image\/","url":"https:\/\/www.casadartistasampieri.it\/wp-content\/uploads\/2024\/06\/Casa-dArtista-Sampieri.png","contentUrl":"https:\/\/www.casadartistasampieri.it\/wp-content\/uploads\/2024\/06\/Casa-dArtista-Sampieri.png","width":500,"height":253,"caption":"Casa d'Artista"},"image":{"@id":"https:\/\/www.casadartistasampieri.it\/de\/#\/schema\/logo\/image\/"},"sameAs":["https:\/\/www.facebook.com\/casadartistasampieri","https:\/\/www.instagram.com\/casadartista\/","https:\/\/www.tripadvisor.it\/Hotel_Review-g1214157-d4272088-Reviews-Casa_D_Artista-Sampieri_Scicli_Province_of_Ragusa_Sicily.html"]}]}},"_links":{"self":[{"href":"https:\/\/www.casadartistasampieri.it\/de\/wp-json\/wp\/v2\/product\/5609"}],"collection":[{"href":"https:\/\/www.casadartistasampieri.it\/de\/wp-json\/wp\/v2\/product"}],"about":[{"href":"https:\/\/www.casadartistasampieri.it\/de\/wp-json\/wp\/v2\/types\/product"}],"replies":[{"embeddable":true,"href":"https:\/\/www.casadartistasampieri.it\/de\/wp-json\/wp\/v2\/comments?post=5609"}],"wp:featuredmedia":[{"embeddable":true,"href":"https:\/\/www.casadartistasampieri.it\/de\/wp-json\/wp\/v2\/media\/5929"}],"wp:attachment":[{"href":"https:\/\/www.casadartistasampieri.it\/de\/wp-json\/wp\/v2\/media?parent=5609"}],"wp:term":[{"taxonomy":"product_cat","embeddable":true,"href":"https:\/\/www.casadartistasampieri.it\/de\/wp-json\/wp\/v2\/product_cat?post=5609"},{"taxonomy":"product_tag","embeddable":true,"href":"https:\/\/www.casadartistasampieri.it\/de\/wp-json\/wp\/v2\/product_tag?post=5609"}],"curies":[{"name":"wp","href":"https:\/\/api.w.org\/{rel}","templated":true}]}}